{"id":9577,"date":"2023-10-26T14:19:23","date_gmt":"2023-10-26T13:19:23","guid":{"rendered":"https:\/\/drinkotec.ch\/?page_id=9577"},"modified":"2024-05-02T14:43:31","modified_gmt":"2024-05-02T13:43:31","slug":"politique-de-confidentialite","status":"publish","type":"page","link":"https:\/\/drinkotec.ch\/fr\/politique-de-confidentialite\/","title":{"rendered":"Politique de confidentialit\u00e9"},"content":{"rendered":"","protected":false},"excerpt":{"rendered":"","protected":false},"author":7,"featured_media":0,"parent":0,"menu_order":0,"comment_status":"closed","ping_status":"closed","template":"","meta":{"content-type":"","inline_featured_image":false,"footnotes":""},"class_list":["post-9577","page","type-page","status-publish","hentry"],"yoast_head":"<!-- This site is optimized with the Yoast SEO plugin v27.3 - https:\/\/yoast.com\/product\/yoast-seo-wordpress\/ -->\n<title>DRINKOTEC | More value, less waste - un slogan pour une vision<\/title>\n<meta name=\"description\" content=\"Nous croyons en un monde o\u00f9 l&#039;impact environnemental des activit\u00e9s li\u00e9es aux boissons est r\u00e9duit de mani\u00e8re significative par nos clients.\" \/>\n<meta name=\"robots\" content=\"index, follow, max-snippet:-1, max-image-preview:large, max-video-preview:-1\" \/>\n<link rel=\"canonical\" href=\"https:\/\/drinkotec.ch\/fr\/politique-de-confidentialite\/\" \/>\n<meta property=\"og:locale\" content=\"fr_FR\" \/>\n<meta property=\"og:type\" content=\"article\" \/>\n<meta property=\"og:title\" content=\"DRINKOTEC | More value, less waste - un slogan pour une vision\" \/>\n<meta property=\"og:description\" content=\"Nous croyons en un monde o\u00f9 l&#039;impact environnemental des activit\u00e9s li\u00e9es aux boissons est r\u00e9duit de mani\u00e8re significative par nos clients.\" \/>\n<meta property=\"og:url\" content=\"https:\/\/drinkotec.ch\/fr\/politique-de-confidentialite\/\" \/>\n<meta property=\"og:site_name\" content=\"DRINKOTEC\" \/>\n<meta property=\"article:modified_time\" content=\"2024-05-02T13:43:31+00:00\" \/>\n<meta name=\"twitter:card\" content=\"summary_large_image\" \/>\n<script type=\"application\/ld+json\" class=\"yoast-schema-graph\">{\"@context\":\"https:\\\/\\\/schema.org\",\"@graph\":[{\"@type\":\"WebPage\",\"@id\":\"https:\\\/\\\/drinkotec.ch\\\/fr\\\/politique-de-confidentialite\\\/\",\"url\":\"https:\\\/\\\/drinkotec.ch\\\/fr\\\/politique-de-confidentialite\\\/\",\"name\":\"DRINKOTEC | More value, less waste - un slogan pour une vision\",\"isPartOf\":{\"@id\":\"https:\\\/\\\/drinkotec.ch\\\/#website\"},\"datePublished\":\"2023-10-26T13:19:23+00:00\",\"dateModified\":\"2024-05-02T13:43:31+00:00\",\"description\":\"Nous croyons en un monde o\u00f9 l'impact environnemental des activit\u00e9s li\u00e9es aux boissons est r\u00e9duit de mani\u00e8re significative par nos clients.\",\"breadcrumb\":{\"@id\":\"https:\\\/\\\/drinkotec.ch\\\/fr\\\/politique-de-confidentialite\\\/#breadcrumb\"},\"inLanguage\":\"fr-FR\",\"potentialAction\":[{\"@type\":\"ReadAction\",\"target\":[\"https:\\\/\\\/drinkotec.ch\\\/fr\\\/politique-de-confidentialite\\\/\"]}]},{\"@type\":\"BreadcrumbList\",\"@id\":\"https:\\\/\\\/drinkotec.ch\\\/fr\\\/politique-de-confidentialite\\\/#breadcrumb\",\"itemListElement\":[{\"@type\":\"ListItem\",\"position\":1,\"name\":\"Home\",\"item\":\"https:\\\/\\\/drinkotec.ch\\\/fr\\\/\"},{\"@type\":\"ListItem\",\"position\":2,\"name\":\"Politique de confidentialit\u00e9\"}]},{\"@type\":\"WebSite\",\"@id\":\"https:\\\/\\\/drinkotec.ch\\\/#website\",\"url\":\"https:\\\/\\\/drinkotec.ch\\\/\",\"name\":\"DRINKOTEC\",\"description\":\"More Value, Less Waste\",\"potentialAction\":[{\"@type\":\"SearchAction\",\"target\":{\"@type\":\"EntryPoint\",\"urlTemplate\":\"https:\\\/\\\/drinkotec.ch\\\/?s={search_term_string}\"},\"query-input\":{\"@type\":\"PropertyValueSpecification\",\"valueRequired\":true,\"valueName\":\"search_term_string\"}}],\"inLanguage\":\"fr-FR\"}]}<\/script>\n<!-- \/ Yoast SEO plugin. -->","yoast_head_json":{"title":"DRINKOTEC | More value, less waste - un slogan pour une vision","description":"Nous croyons en un monde o\u00f9 l'impact environnemental des activit\u00e9s li\u00e9es aux boissons est r\u00e9duit de mani\u00e8re significative par nos clients.","robots":{"index":"index","follow":"follow","max-snippet":"max-snippet:-1","max-image-preview":"max-image-preview:large","max-video-preview":"max-video-preview:-1"},"canonical":"https:\/\/drinkotec.ch\/fr\/politique-de-confidentialite\/","og_locale":"fr_FR","og_type":"article","og_title":"DRINKOTEC | More value, less waste - un slogan pour une vision","og_description":"Nous croyons en un monde o\u00f9 l'impact environnemental des activit\u00e9s li\u00e9es aux boissons est r\u00e9duit de mani\u00e8re significative par nos clients.","og_url":"https:\/\/drinkotec.ch\/fr\/politique-de-confidentialite\/","og_site_name":"DRINKOTEC","article_modified_time":"2024-05-02T13:43:31+00:00","twitter_card":"summary_large_image","schema":{"@context":"https:\/\/schema.org","@graph":[{"@type":"WebPage","@id":"https:\/\/drinkotec.ch\/fr\/politique-de-confidentialite\/","url":"https:\/\/drinkotec.ch\/fr\/politique-de-confidentialite\/","name":"DRINKOTEC | More value, less waste - un slogan pour une vision","isPartOf":{"@id":"https:\/\/drinkotec.ch\/#website"},"datePublished":"2023-10-26T13:19:23+00:00","dateModified":"2024-05-02T13:43:31+00:00","description":"Nous croyons en un monde o\u00f9 l'impact environnemental des activit\u00e9s li\u00e9es aux boissons est r\u00e9duit de mani\u00e8re significative par nos clients.","breadcrumb":{"@id":"https:\/\/drinkotec.ch\/fr\/politique-de-confidentialite\/#breadcrumb"},"inLanguage":"fr-FR","potentialAction":[{"@type":"ReadAction","target":["https:\/\/drinkotec.ch\/fr\/politique-de-confidentialite\/"]}]},{"@type":"BreadcrumbList","@id":"https:\/\/drinkotec.ch\/fr\/politique-de-confidentialite\/#breadcrumb","itemListElement":[{"@type":"ListItem","position":1,"name":"Home","item":"https:\/\/drinkotec.ch\/fr\/"},{"@type":"ListItem","position":2,"name":"Politique de confidentialit\u00e9"}]},{"@type":"WebSite","@id":"https:\/\/drinkotec.ch\/#website","url":"https:\/\/drinkotec.ch\/","name":"DRINKOTEC","description":"More Value, Less Waste","potentialAction":[{"@type":"SearchAction","target":{"@type":"EntryPoint","urlTemplate":"https:\/\/drinkotec.ch\/?s={search_term_string}"},"query-input":{"@type":"PropertyValueSpecification","valueRequired":true,"valueName":"search_term_string"}}],"inLanguage":"fr-FR"}]}},"_links":{"self":[{"href":"https:\/\/drinkotec.ch\/fr\/wp-json\/wp\/v2\/pages\/9577","targetHints":{"allow":["GET"]}}],"collection":[{"href":"https:\/\/drinkotec.ch\/fr\/wp-json\/wp\/v2\/pages"}],"about":[{"href":"https:\/\/drinkotec.ch\/fr\/wp-json\/wp\/v2\/types\/page"}],"author":[{"embeddable":true,"href":"https:\/\/drinkotec.ch\/fr\/wp-json\/wp\/v2\/users\/7"}],"replies":[{"embeddable":true,"href":"https:\/\/drinkotec.ch\/fr\/wp-json\/wp\/v2\/comments?post=9577"}],"version-history":[{"count":4,"href":"https:\/\/drinkotec.ch\/fr\/wp-json\/wp\/v2\/pages\/9577\/revisions"}],"predecessor-version":[{"id":10439,"href":"https:\/\/drinkotec.ch\/fr\/wp-json\/wp\/v2\/pages\/9577\/revisions\/10439"}],"wp:attachment":[{"href":"https:\/\/drinkotec.ch\/fr\/wp-json\/wp\/v2\/media?parent=9577"}],"curies":[{"name":"wp","href":"https:\/\/api.w.org\/{rel}","templated":true}]}}