{"id":7662,"date":"2021-03-19T10:45:34","date_gmt":"2021-03-19T09:45:34","guid":{"rendered":"https:\/\/drinkotec.ch\/beer-towers\/"},"modified":"2022-09-22T19:26:31","modified_gmt":"2022-09-22T18:26:31","slug":"tourelles-biere","status":"publish","type":"page","link":"https:\/\/drinkotec.ch\/fr\/tourelles-biere\/","title":{"rendered":"Tourelles bi\u00e8re"},"content":{"rendered":"","protected":false},"excerpt":{"rendered":"","protected":false},"author":3,"featured_media":0,"parent":0,"menu_order":0,"comment_status":"closed","ping_status":"closed","template":"","meta":{"content-type":"","inline_featured_image":false,"footnotes":""},"class_list":["post-7662","page","type-page","status-publish","hentry"],"yoast_head":"<!-- This site is optimized with the Yoast SEO plugin v27.3 - https:\/\/yoast.com\/product\/yoast-seo-wordpress\/ -->\n<title>DRINKOTEC | Int\u00e9gration de nos solutions pour les Tourelles bi\u00e8re<\/title>\n<meta name=\"description\" content=\"Sans modifier vos installations de bi\u00e8re existantes, nous pouvons am\u00e9liorez vos installations de bi\u00e8re traditionnelles pour optimiser vos ventes.\" \/>\n<meta name=\"robots\" content=\"index, follow, max-snippet:-1, max-image-preview:large, max-video-preview:-1\" \/>\n<link rel=\"canonical\" href=\"https:\/\/drinkotec.ch\/fr\/tourelles-biere\/\" \/>\n<meta property=\"og:locale\" content=\"fr_FR\" \/>\n<meta property=\"og:type\" content=\"article\" \/>\n<meta property=\"og:title\" content=\"DRINKOTEC | Int\u00e9gration de nos solutions pour les Tourelles bi\u00e8re\" \/>\n<meta property=\"og:description\" content=\"Sans modifier vos installations de bi\u00e8re existantes, nous pouvons am\u00e9liorez vos installations de bi\u00e8re traditionnelles pour optimiser vos ventes.\" \/>\n<meta property=\"og:url\" content=\"https:\/\/drinkotec.ch\/fr\/tourelles-biere\/\" \/>\n<meta property=\"og:site_name\" content=\"DRINKOTEC\" \/>\n<meta property=\"article:modified_time\" content=\"2022-09-22T18:26:31+00:00\" \/>\n<meta name=\"twitter:card\" content=\"summary_large_image\" \/>\n<script type=\"application\/ld+json\" class=\"yoast-schema-graph\">{\"@context\":\"https:\\\/\\\/schema.org\",\"@graph\":[{\"@type\":\"WebPage\",\"@id\":\"https:\\\/\\\/drinkotec.ch\\\/fr\\\/tourelles-biere\\\/\",\"url\":\"https:\\\/\\\/drinkotec.ch\\\/fr\\\/tourelles-biere\\\/\",\"name\":\"DRINKOTEC | Int\u00e9gration de nos solutions pour les Tourelles bi\u00e8re\",\"isPartOf\":{\"@id\":\"https:\\\/\\\/drinkotec.ch\\\/#website\"},\"datePublished\":\"2021-03-19T09:45:34+00:00\",\"dateModified\":\"2022-09-22T18:26:31+00:00\",\"description\":\"Sans modifier vos installations de bi\u00e8re existantes, nous pouvons am\u00e9liorez vos installations de bi\u00e8re traditionnelles pour optimiser vos ventes.\",\"breadcrumb\":{\"@id\":\"https:\\\/\\\/drinkotec.ch\\\/fr\\\/tourelles-biere\\\/#breadcrumb\"},\"inLanguage\":\"fr-FR\",\"potentialAction\":[{\"@type\":\"ReadAction\",\"target\":[\"https:\\\/\\\/drinkotec.ch\\\/fr\\\/tourelles-biere\\\/\"]}]},{\"@type\":\"BreadcrumbList\",\"@id\":\"https:\\\/\\\/drinkotec.ch\\\/fr\\\/tourelles-biere\\\/#breadcrumb\",\"itemListElement\":[{\"@type\":\"ListItem\",\"position\":1,\"name\":\"Home\",\"item\":\"https:\\\/\\\/drinkotec.ch\\\/fr\\\/\"},{\"@type\":\"ListItem\",\"position\":2,\"name\":\"Tourelles bi\u00e8re\"}]},{\"@type\":\"WebSite\",\"@id\":\"https:\\\/\\\/drinkotec.ch\\\/#website\",\"url\":\"https:\\\/\\\/drinkotec.ch\\\/\",\"name\":\"DRINKOTEC\",\"description\":\"More Value, Less Waste\",\"potentialAction\":[{\"@type\":\"SearchAction\",\"target\":{\"@type\":\"EntryPoint\",\"urlTemplate\":\"https:\\\/\\\/drinkotec.ch\\\/?s={search_term_string}\"},\"query-input\":{\"@type\":\"PropertyValueSpecification\",\"valueRequired\":true,\"valueName\":\"search_term_string\"}}],\"inLanguage\":\"fr-FR\"}]}<\/script>\n<!-- \/ Yoast SEO plugin. -->","yoast_head_json":{"title":"DRINKOTEC | Int\u00e9gration de nos solutions pour les Tourelles bi\u00e8re","description":"Sans modifier vos installations de bi\u00e8re existantes, nous pouvons am\u00e9liorez vos installations de bi\u00e8re traditionnelles pour optimiser vos ventes.","robots":{"index":"index","follow":"follow","max-snippet":"max-snippet:-1","max-image-preview":"max-image-preview:large","max-video-preview":"max-video-preview:-1"},"canonical":"https:\/\/drinkotec.ch\/fr\/tourelles-biere\/","og_locale":"fr_FR","og_type":"article","og_title":"DRINKOTEC | Int\u00e9gration de nos solutions pour les Tourelles bi\u00e8re","og_description":"Sans modifier vos installations de bi\u00e8re existantes, nous pouvons am\u00e9liorez vos installations de bi\u00e8re traditionnelles pour optimiser vos ventes.","og_url":"https:\/\/drinkotec.ch\/fr\/tourelles-biere\/","og_site_name":"DRINKOTEC","article_modified_time":"2022-09-22T18:26:31+00:00","twitter_card":"summary_large_image","schema":{"@context":"https:\/\/schema.org","@graph":[{"@type":"WebPage","@id":"https:\/\/drinkotec.ch\/fr\/tourelles-biere\/","url":"https:\/\/drinkotec.ch\/fr\/tourelles-biere\/","name":"DRINKOTEC | Int\u00e9gration de nos solutions pour les Tourelles bi\u00e8re","isPartOf":{"@id":"https:\/\/drinkotec.ch\/#website"},"datePublished":"2021-03-19T09:45:34+00:00","dateModified":"2022-09-22T18:26:31+00:00","description":"Sans modifier vos installations de bi\u00e8re existantes, nous pouvons am\u00e9liorez vos installations de bi\u00e8re traditionnelles pour optimiser vos ventes.","breadcrumb":{"@id":"https:\/\/drinkotec.ch\/fr\/tourelles-biere\/#breadcrumb"},"inLanguage":"fr-FR","potentialAction":[{"@type":"ReadAction","target":["https:\/\/drinkotec.ch\/fr\/tourelles-biere\/"]}]},{"@type":"BreadcrumbList","@id":"https:\/\/drinkotec.ch\/fr\/tourelles-biere\/#breadcrumb","itemListElement":[{"@type":"ListItem","position":1,"name":"Home","item":"https:\/\/drinkotec.ch\/fr\/"},{"@type":"ListItem","position":2,"name":"Tourelles bi\u00e8re"}]},{"@type":"WebSite","@id":"https:\/\/drinkotec.ch\/#website","url":"https:\/\/drinkotec.ch\/","name":"DRINKOTEC","description":"More Value, Less Waste","potentialAction":[{"@type":"SearchAction","target":{"@type":"EntryPoint","urlTemplate":"https:\/\/drinkotec.ch\/?s={search_term_string}"},"query-input":{"@type":"PropertyValueSpecification","valueRequired":true,"valueName":"search_term_string"}}],"inLanguage":"fr-FR"}]}},"_links":{"self":[{"href":"https:\/\/drinkotec.ch\/fr\/wp-json\/wp\/v2\/pages\/7662","targetHints":{"allow":["GET"]}}],"collection":[{"href":"https:\/\/drinkotec.ch\/fr\/wp-json\/wp\/v2\/pages"}],"about":[{"href":"https:\/\/drinkotec.ch\/fr\/wp-json\/wp\/v2\/types\/page"}],"author":[{"embeddable":true,"href":"https:\/\/drinkotec.ch\/fr\/wp-json\/wp\/v2\/users\/3"}],"replies":[{"embeddable":true,"href":"https:\/\/drinkotec.ch\/fr\/wp-json\/wp\/v2\/comments?post=7662"}],"version-history":[{"count":5,"href":"https:\/\/drinkotec.ch\/fr\/wp-json\/wp\/v2\/pages\/7662\/revisions"}],"predecessor-version":[{"id":8680,"href":"https:\/\/drinkotec.ch\/fr\/wp-json\/wp\/v2\/pages\/7662\/revisions\/8680"}],"wp:attachment":[{"href":"https:\/\/drinkotec.ch\/fr\/wp-json\/wp\/v2\/media?parent=7662"}],"curies":[{"name":"wp","href":"https:\/\/api.w.org\/{rel}","templated":true}]}}