{"id":68,"date":"2018-11-05T08:39:48","date_gmt":"2018-11-05T08:39:48","guid":{"rendered":"https:\/\/drinkotec.ch\/home-page\/"},"modified":"2025-02-27T10:16:59","modified_gmt":"2025-02-27T09:16:59","slug":"accueil","status":"publish","type":"page","link":"https:\/\/drinkotec.ch\/fr\/","title":{"rendered":"Accueil"},"content":{"rendered":"","protected":false},"excerpt":{"rendered":"","protected":false},"author":5,"featured_media":0,"parent":0,"menu_order":0,"comment_status":"closed","ping_status":"closed","template":"page-templates\/homepage.php","meta":{"content-type":"","inline_featured_image":false,"footnotes":""},"class_list":["post-68","page","type-page","status-publish","hentry"],"yoast_head":"<!-- This site is optimized with the Yoast SEO plugin v27.3 - https:\/\/yoast.com\/product\/yoast-seo-wordpress\/ -->\n<title>DRINKOTEC | Des activit\u00e9s durables dans le secteur des boissons<\/title>\n<meta name=\"description\" content=\"L\u2019objectif DRINKOTEC est d\u2019augmenter l\u2019efficacit\u00e9 tout en r\u00e9duisant les pertes dans les op\u00e9rations li\u00e9es aux boissons gr\u00e2ce \u00e0 des syst\u00e8mes performants.\" \/>\n<meta name=\"robots\" content=\"index, follow, max-snippet:-1, max-image-preview:large, max-video-preview:-1\" \/>\n<link rel=\"canonical\" href=\"https:\/\/drinkotec.ch\/fr\/\" \/>\n<meta property=\"og:locale\" content=\"fr_FR\" \/>\n<meta property=\"og:type\" content=\"article\" \/>\n<meta property=\"og:title\" content=\"DRINKOTEC | Des activit\u00e9s durables dans le secteur des boissons\" \/>\n<meta property=\"og:description\" content=\"L\u2019objectif DRINKOTEC est d\u2019augmenter l\u2019efficacit\u00e9 tout en r\u00e9duisant les pertes dans les op\u00e9rations li\u00e9es aux boissons gr\u00e2ce \u00e0 des syst\u00e8mes performants.\" \/>\n<meta property=\"og:url\" content=\"https:\/\/drinkotec.ch\/fr\/\" \/>\n<meta property=\"og:site_name\" content=\"DRINKOTEC\" \/>\n<meta property=\"article:modified_time\" content=\"2025-02-27T09:16:59+00:00\" \/>\n<meta name=\"twitter:card\" content=\"summary_large_image\" \/>\n<script type=\"application\/ld+json\" class=\"yoast-schema-graph\">{\"@context\":\"https:\\\/\\\/schema.org\",\"@graph\":[{\"@type\":\"WebPage\",\"@id\":\"https:\\\/\\\/drinkotec.ch\\\/fr\\\/\",\"url\":\"https:\\\/\\\/drinkotec.ch\\\/fr\\\/\",\"name\":\"DRINKOTEC | Des activit\u00e9s durables dans le secteur des boissons\",\"isPartOf\":{\"@id\":\"https:\\\/\\\/drinkotec.ch\\\/#website\"},\"datePublished\":\"2018-11-05T08:39:48+00:00\",\"dateModified\":\"2025-02-27T09:16:59+00:00\",\"description\":\"L\u2019objectif DRINKOTEC est d\u2019augmenter l\u2019efficacit\u00e9 tout en r\u00e9duisant les pertes dans les op\u00e9rations li\u00e9es aux boissons gr\u00e2ce \u00e0 des syst\u00e8mes performants.\",\"breadcrumb\":{\"@id\":\"https:\\\/\\\/drinkotec.ch\\\/fr\\\/#breadcrumb\"},\"inLanguage\":\"fr-FR\",\"potentialAction\":[{\"@type\":\"ReadAction\",\"target\":[\"https:\\\/\\\/drinkotec.ch\\\/fr\\\/\"]}]},{\"@type\":\"BreadcrumbList\",\"@id\":\"https:\\\/\\\/drinkotec.ch\\\/fr\\\/#breadcrumb\",\"itemListElement\":[{\"@type\":\"ListItem\",\"position\":1,\"name\":\"Home\",\"item\":\"https:\\\/\\\/drinkotec.ch\\\/fr\\\/\"},{\"@type\":\"ListItem\",\"position\":2,\"name\":\"Accueil\"}]},{\"@type\":\"WebSite\",\"@id\":\"https:\\\/\\\/drinkotec.ch\\\/#website\",\"url\":\"https:\\\/\\\/drinkotec.ch\\\/\",\"name\":\"DRINKOTEC\",\"description\":\"More Value, Less Waste\",\"potentialAction\":[{\"@type\":\"SearchAction\",\"target\":{\"@type\":\"EntryPoint\",\"urlTemplate\":\"https:\\\/\\\/drinkotec.ch\\\/?s={search_term_string}\"},\"query-input\":{\"@type\":\"PropertyValueSpecification\",\"valueRequired\":true,\"valueName\":\"search_term_string\"}}],\"inLanguage\":\"fr-FR\"}]}<\/script>\n<!-- \/ Yoast SEO plugin. -->","yoast_head_json":{"title":"DRINKOTEC | Des activit\u00e9s durables dans le secteur des boissons","description":"L\u2019objectif DRINKOTEC est d\u2019augmenter l\u2019efficacit\u00e9 tout en r\u00e9duisant les pertes dans les op\u00e9rations li\u00e9es aux boissons gr\u00e2ce \u00e0 des syst\u00e8mes performants.","robots":{"index":"index","follow":"follow","max-snippet":"max-snippet:-1","max-image-preview":"max-image-preview:large","max-video-preview":"max-video-preview:-1"},"canonical":"https:\/\/drinkotec.ch\/fr\/","og_locale":"fr_FR","og_type":"article","og_title":"DRINKOTEC | Des activit\u00e9s durables dans le secteur des boissons","og_description":"L\u2019objectif DRINKOTEC est d\u2019augmenter l\u2019efficacit\u00e9 tout en r\u00e9duisant les pertes dans les op\u00e9rations li\u00e9es aux boissons gr\u00e2ce \u00e0 des syst\u00e8mes performants.","og_url":"https:\/\/drinkotec.ch\/fr\/","og_site_name":"DRINKOTEC","article_modified_time":"2025-02-27T09:16:59+00:00","twitter_card":"summary_large_image","schema":{"@context":"https:\/\/schema.org","@graph":[{"@type":"WebPage","@id":"https:\/\/drinkotec.ch\/fr\/","url":"https:\/\/drinkotec.ch\/fr\/","name":"DRINKOTEC | Des activit\u00e9s durables dans le secteur des boissons","isPartOf":{"@id":"https:\/\/drinkotec.ch\/#website"},"datePublished":"2018-11-05T08:39:48+00:00","dateModified":"2025-02-27T09:16:59+00:00","description":"L\u2019objectif DRINKOTEC est d\u2019augmenter l\u2019efficacit\u00e9 tout en r\u00e9duisant les pertes dans les op\u00e9rations li\u00e9es aux boissons gr\u00e2ce \u00e0 des syst\u00e8mes performants.","breadcrumb":{"@id":"https:\/\/drinkotec.ch\/fr\/#breadcrumb"},"inLanguage":"fr-FR","potentialAction":[{"@type":"ReadAction","target":["https:\/\/drinkotec.ch\/fr\/"]}]},{"@type":"BreadcrumbList","@id":"https:\/\/drinkotec.ch\/fr\/#breadcrumb","itemListElement":[{"@type":"ListItem","position":1,"name":"Home","item":"https:\/\/drinkotec.ch\/fr\/"},{"@type":"ListItem","position":2,"name":"Accueil"}]},{"@type":"WebSite","@id":"https:\/\/drinkotec.ch\/#website","url":"https:\/\/drinkotec.ch\/","name":"DRINKOTEC","description":"More Value, Less Waste","potentialAction":[{"@type":"SearchAction","target":{"@type":"EntryPoint","urlTemplate":"https:\/\/drinkotec.ch\/?s={search_term_string}"},"query-input":{"@type":"PropertyValueSpecification","valueRequired":true,"valueName":"search_term_string"}}],"inLanguage":"fr-FR"}]}},"_links":{"self":[{"href":"https:\/\/drinkotec.ch\/fr\/wp-json\/wp\/v2\/pages\/68","targetHints":{"allow":["GET"]}}],"collection":[{"href":"https:\/\/drinkotec.ch\/fr\/wp-json\/wp\/v2\/pages"}],"about":[{"href":"https:\/\/drinkotec.ch\/fr\/wp-json\/wp\/v2\/types\/page"}],"author":[{"embeddable":true,"href":"https:\/\/drinkotec.ch\/fr\/wp-json\/wp\/v2\/users\/5"}],"replies":[{"embeddable":true,"href":"https:\/\/drinkotec.ch\/fr\/wp-json\/wp\/v2\/comments?post=68"}],"version-history":[{"count":5,"href":"https:\/\/drinkotec.ch\/fr\/wp-json\/wp\/v2\/pages\/68\/revisions"}],"predecessor-version":[{"id":11291,"href":"https:\/\/drinkotec.ch\/fr\/wp-json\/wp\/v2\/pages\/68\/revisions\/11291"}],"wp:attachment":[{"href":"https:\/\/drinkotec.ch\/fr\/wp-json\/wp\/v2\/media?parent=68"}],"curies":[{"name":"wp","href":"https:\/\/api.w.org\/{rel}","templated":true}]}}