{"id":5130,"date":"2019-06-11T11:34:49","date_gmt":"2019-06-11T10:34:49","guid":{"rendered":"https:\/\/drinkotec.ch\/request-data-sheet\/"},"modified":"2019-08-21T11:37:33","modified_gmt":"2019-08-21T10:37:33","slug":"demander-plus-dinformations","status":"publish","type":"page","link":"https:\/\/drinkotec.ch\/fr\/demander-plus-dinformations\/","title":{"rendered":"Demander plus d&rsquo;informations"},"content":{"rendered":"","protected":false},"excerpt":{"rendered":"","protected":false},"author":3,"featured_media":0,"parent":0,"menu_order":0,"comment_status":"closed","ping_status":"closed","template":"","meta":{"content-type":"","inline_featured_image":false,"footnotes":""},"class_list":["post-5130","page","type-page","status-publish","hentry"],"yoast_head":"<!-- This site is optimized with the Yoast SEO plugin v27.4 - https:\/\/yoast.com\/product\/yoast-seo-wordpress\/ -->\n<title>DRINKOTEC | Demander plus d&#039;informations \u00e0 notre \u00e9quipe<\/title>\n<meta name=\"description\" content=\"Avant chaque bonne d\u00e9cision, il y a de bonnes id\u00e9es. L&#039;\u00e9quipe DRINKOTEC est toujours pr\u00eate \u00e0 partager avec vous toute l\u2019information n\u00e9cessaire.\" \/>\n<meta name=\"robots\" content=\"index, follow, max-snippet:-1, max-image-preview:large, max-video-preview:-1\" \/>\n<link rel=\"canonical\" href=\"https:\/\/drinkotec.ch\/fr\/demander-plus-dinformations\/\" \/>\n<meta property=\"og:locale\" content=\"fr_FR\" \/>\n<meta property=\"og:type\" content=\"article\" \/>\n<meta property=\"og:title\" content=\"DRINKOTEC | Demander plus d&#039;informations \u00e0 notre \u00e9quipe\" \/>\n<meta property=\"og:description\" content=\"Avant chaque bonne d\u00e9cision, il y a de bonnes id\u00e9es. L&#039;\u00e9quipe DRINKOTEC est toujours pr\u00eate \u00e0 partager avec vous toute l\u2019information n\u00e9cessaire.\" \/>\n<meta property=\"og:url\" content=\"https:\/\/drinkotec.ch\/fr\/demander-plus-dinformations\/\" \/>\n<meta property=\"og:site_name\" content=\"DRINKOTEC\" \/>\n<meta property=\"article:modified_time\" content=\"2019-08-21T10:37:33+00:00\" \/>\n<meta name=\"twitter:card\" content=\"summary_large_image\" \/>\n<script type=\"application\/ld+json\" class=\"yoast-schema-graph\">{\"@context\":\"https:\\\/\\\/schema.org\",\"@graph\":[{\"@type\":\"WebPage\",\"@id\":\"https:\\\/\\\/drinkotec.ch\\\/fr\\\/demander-plus-dinformations\\\/\",\"url\":\"https:\\\/\\\/drinkotec.ch\\\/fr\\\/demander-plus-dinformations\\\/\",\"name\":\"DRINKOTEC | Demander plus d'informations \u00e0 notre \u00e9quipe\",\"isPartOf\":{\"@id\":\"https:\\\/\\\/drinkotec.ch\\\/#website\"},\"datePublished\":\"2019-06-11T10:34:49+00:00\",\"dateModified\":\"2019-08-21T10:37:33+00:00\",\"description\":\"Avant chaque bonne d\u00e9cision, il y a de bonnes id\u00e9es. L'\u00e9quipe DRINKOTEC est toujours pr\u00eate \u00e0 partager avec vous toute l\u2019information n\u00e9cessaire.\",\"breadcrumb\":{\"@id\":\"https:\\\/\\\/drinkotec.ch\\\/fr\\\/demander-plus-dinformations\\\/#breadcrumb\"},\"inLanguage\":\"fr-FR\",\"potentialAction\":[{\"@type\":\"ReadAction\",\"target\":[\"https:\\\/\\\/drinkotec.ch\\\/fr\\\/demander-plus-dinformations\\\/\"]}]},{\"@type\":\"BreadcrumbList\",\"@id\":\"https:\\\/\\\/drinkotec.ch\\\/fr\\\/demander-plus-dinformations\\\/#breadcrumb\",\"itemListElement\":[{\"@type\":\"ListItem\",\"position\":1,\"name\":\"Home\",\"item\":\"https:\\\/\\\/drinkotec.ch\\\/fr\\\/\"},{\"@type\":\"ListItem\",\"position\":2,\"name\":\"Demander plus d&rsquo;informations\"}]},{\"@type\":\"WebSite\",\"@id\":\"https:\\\/\\\/drinkotec.ch\\\/#website\",\"url\":\"https:\\\/\\\/drinkotec.ch\\\/\",\"name\":\"DRINKOTEC\",\"description\":\"More Value, Less Waste\",\"potentialAction\":[{\"@type\":\"SearchAction\",\"target\":{\"@type\":\"EntryPoint\",\"urlTemplate\":\"https:\\\/\\\/drinkotec.ch\\\/?s={search_term_string}\"},\"query-input\":{\"@type\":\"PropertyValueSpecification\",\"valueRequired\":true,\"valueName\":\"search_term_string\"}}],\"inLanguage\":\"fr-FR\"}]}<\/script>\n<!-- \/ Yoast SEO plugin. -->","yoast_head_json":{"title":"DRINKOTEC | Demander plus d'informations \u00e0 notre \u00e9quipe","description":"Avant chaque bonne d\u00e9cision, il y a de bonnes id\u00e9es. L'\u00e9quipe DRINKOTEC est toujours pr\u00eate \u00e0 partager avec vous toute l\u2019information n\u00e9cessaire.","robots":{"index":"index","follow":"follow","max-snippet":"max-snippet:-1","max-image-preview":"max-image-preview:large","max-video-preview":"max-video-preview:-1"},"canonical":"https:\/\/drinkotec.ch\/fr\/demander-plus-dinformations\/","og_locale":"fr_FR","og_type":"article","og_title":"DRINKOTEC | Demander plus d'informations \u00e0 notre \u00e9quipe","og_description":"Avant chaque bonne d\u00e9cision, il y a de bonnes id\u00e9es. L'\u00e9quipe DRINKOTEC est toujours pr\u00eate \u00e0 partager avec vous toute l\u2019information n\u00e9cessaire.","og_url":"https:\/\/drinkotec.ch\/fr\/demander-plus-dinformations\/","og_site_name":"DRINKOTEC","article_modified_time":"2019-08-21T10:37:33+00:00","twitter_card":"summary_large_image","schema":{"@context":"https:\/\/schema.org","@graph":[{"@type":"WebPage","@id":"https:\/\/drinkotec.ch\/fr\/demander-plus-dinformations\/","url":"https:\/\/drinkotec.ch\/fr\/demander-plus-dinformations\/","name":"DRINKOTEC | Demander plus d'informations \u00e0 notre \u00e9quipe","isPartOf":{"@id":"https:\/\/drinkotec.ch\/#website"},"datePublished":"2019-06-11T10:34:49+00:00","dateModified":"2019-08-21T10:37:33+00:00","description":"Avant chaque bonne d\u00e9cision, il y a de bonnes id\u00e9es. L'\u00e9quipe DRINKOTEC est toujours pr\u00eate \u00e0 partager avec vous toute l\u2019information n\u00e9cessaire.","breadcrumb":{"@id":"https:\/\/drinkotec.ch\/fr\/demander-plus-dinformations\/#breadcrumb"},"inLanguage":"fr-FR","potentialAction":[{"@type":"ReadAction","target":["https:\/\/drinkotec.ch\/fr\/demander-plus-dinformations\/"]}]},{"@type":"BreadcrumbList","@id":"https:\/\/drinkotec.ch\/fr\/demander-plus-dinformations\/#breadcrumb","itemListElement":[{"@type":"ListItem","position":1,"name":"Home","item":"https:\/\/drinkotec.ch\/fr\/"},{"@type":"ListItem","position":2,"name":"Demander plus d&rsquo;informations"}]},{"@type":"WebSite","@id":"https:\/\/drinkotec.ch\/#website","url":"https:\/\/drinkotec.ch\/","name":"DRINKOTEC","description":"More Value, Less Waste","potentialAction":[{"@type":"SearchAction","target":{"@type":"EntryPoint","urlTemplate":"https:\/\/drinkotec.ch\/?s={search_term_string}"},"query-input":{"@type":"PropertyValueSpecification","valueRequired":true,"valueName":"search_term_string"}}],"inLanguage":"fr-FR"}]}},"_links":{"self":[{"href":"https:\/\/drinkotec.ch\/fr\/wp-json\/wp\/v2\/pages\/5130","targetHints":{"allow":["GET"]}}],"collection":[{"href":"https:\/\/drinkotec.ch\/fr\/wp-json\/wp\/v2\/pages"}],"about":[{"href":"https:\/\/drinkotec.ch\/fr\/wp-json\/wp\/v2\/types\/page"}],"author":[{"embeddable":true,"href":"https:\/\/drinkotec.ch\/fr\/wp-json\/wp\/v2\/users\/3"}],"replies":[{"embeddable":true,"href":"https:\/\/drinkotec.ch\/fr\/wp-json\/wp\/v2\/comments?post=5130"}],"version-history":[{"count":3,"href":"https:\/\/drinkotec.ch\/fr\/wp-json\/wp\/v2\/pages\/5130\/revisions"}],"predecessor-version":[{"id":5272,"href":"https:\/\/drinkotec.ch\/fr\/wp-json\/wp\/v2\/pages\/5130\/revisions\/5272"}],"wp:attachment":[{"href":"https:\/\/drinkotec.ch\/fr\/wp-json\/wp\/v2\/media?parent=5130"}],"curies":[{"name":"wp","href":"https:\/\/api.w.org\/{rel}","templated":true}]}}