{"id":471,"date":"2018-11-12T06:53:16","date_gmt":"2018-11-12T06:53:16","guid":{"rendered":"https:\/\/drinkotec.ch\/success-stories\/"},"modified":"2022-09-22T09:51:37","modified_gmt":"2022-09-22T08:51:37","slug":"a-la-une","status":"publish","type":"page","link":"https:\/\/drinkotec.ch\/fr\/a-la-une\/","title":{"rendered":"A la une"},"content":{"rendered":"","protected":false},"excerpt":{"rendered":"","protected":false},"author":5,"featured_media":392,"parent":0,"menu_order":0,"comment_status":"closed","ping_status":"closed","template":"page-templates\/succes-stories.php","meta":{"content-type":"","inline_featured_image":false,"footnotes":""},"class_list":["post-471","page","type-page","status-publish","has-post-thumbnail","hentry"],"yoast_head":"<!-- This site is optimized with the Yoast SEO plugin v27.3 - https:\/\/yoast.com\/product\/yoast-seo-wordpress\/ -->\n<title>DRINKOTEC | A la une chez Drinkotec<\/title>\n<meta name=\"description\" content=\"Nous travaillons \u00e0 une am\u00e9lioration constante des logiciels et des appareils. D\u00e9couvrez nos derni\u00e8res innovations et r\u00e9alisations.\" \/>\n<meta name=\"robots\" content=\"index, follow, max-snippet:-1, max-image-preview:large, max-video-preview:-1\" \/>\n<link rel=\"canonical\" href=\"https:\/\/drinkotec.ch\/fr\/a-la-une\/\" \/>\n<meta property=\"og:locale\" content=\"fr_FR\" \/>\n<meta property=\"og:type\" content=\"article\" \/>\n<meta property=\"og:title\" content=\"DRINKOTEC | A la une chez Drinkotec\" \/>\n<meta property=\"og:description\" content=\"Nous travaillons \u00e0 une am\u00e9lioration constante des logiciels et des appareils. D\u00e9couvrez nos derni\u00e8res innovations et r\u00e9alisations.\" \/>\n<meta property=\"og:url\" content=\"https:\/\/drinkotec.ch\/fr\/a-la-une\/\" \/>\n<meta property=\"og:site_name\" content=\"DRINKOTEC\" \/>\n<meta property=\"article:modified_time\" content=\"2022-09-22T08:51:37+00:00\" \/>\n<meta property=\"og:image\" content=\"https:\/\/drinkotec.ch\/wp-content\/uploads\/2018\/11\/header-banner.jpg\" \/>\n\t<meta property=\"og:image:width\" content=\"1929\" \/>\n\t<meta property=\"og:image:height\" content=\"273\" \/>\n\t<meta property=\"og:image:type\" content=\"image\/jpeg\" \/>\n<meta name=\"twitter:card\" content=\"summary_large_image\" \/>\n<script type=\"application\/ld+json\" class=\"yoast-schema-graph\">{\"@context\":\"https:\\\/\\\/schema.org\",\"@graph\":[{\"@type\":\"WebPage\",\"@id\":\"https:\\\/\\\/drinkotec.ch\\\/fr\\\/a-la-une\\\/\",\"url\":\"https:\\\/\\\/drinkotec.ch\\\/fr\\\/a-la-une\\\/\",\"name\":\"DRINKOTEC | A la une chez Drinkotec\",\"isPartOf\":{\"@id\":\"https:\\\/\\\/drinkotec.ch\\\/#website\"},\"primaryImageOfPage\":{\"@id\":\"https:\\\/\\\/drinkotec.ch\\\/fr\\\/a-la-une\\\/#primaryimage\"},\"image\":{\"@id\":\"https:\\\/\\\/drinkotec.ch\\\/fr\\\/a-la-une\\\/#primaryimage\"},\"thumbnailUrl\":\"https:\\\/\\\/drinkotec.ch\\\/wp-content\\\/uploads\\\/2018\\\/11\\\/header-banner.jpg\",\"datePublished\":\"2018-11-12T06:53:16+00:00\",\"dateModified\":\"2022-09-22T08:51:37+00:00\",\"description\":\"Nous travaillons \u00e0 une am\u00e9lioration constante des logiciels et des appareils. D\u00e9couvrez nos derni\u00e8res innovations et r\u00e9alisations.\",\"breadcrumb\":{\"@id\":\"https:\\\/\\\/drinkotec.ch\\\/fr\\\/a-la-une\\\/#breadcrumb\"},\"inLanguage\":\"fr-FR\",\"potentialAction\":[{\"@type\":\"ReadAction\",\"target\":[\"https:\\\/\\\/drinkotec.ch\\\/fr\\\/a-la-une\\\/\"]}]},{\"@type\":\"ImageObject\",\"inLanguage\":\"fr-FR\",\"@id\":\"https:\\\/\\\/drinkotec.ch\\\/fr\\\/a-la-une\\\/#primaryimage\",\"url\":\"https:\\\/\\\/drinkotec.ch\\\/wp-content\\\/uploads\\\/2018\\\/11\\\/header-banner.jpg\",\"contentUrl\":\"https:\\\/\\\/drinkotec.ch\\\/wp-content\\\/uploads\\\/2018\\\/11\\\/header-banner.jpg\",\"width\":1929,\"height\":273},{\"@type\":\"BreadcrumbList\",\"@id\":\"https:\\\/\\\/drinkotec.ch\\\/fr\\\/a-la-une\\\/#breadcrumb\",\"itemListElement\":[{\"@type\":\"ListItem\",\"position\":1,\"name\":\"Home\",\"item\":\"https:\\\/\\\/drinkotec.ch\\\/fr\\\/\"},{\"@type\":\"ListItem\",\"position\":2,\"name\":\"A la une\"}]},{\"@type\":\"WebSite\",\"@id\":\"https:\\\/\\\/drinkotec.ch\\\/#website\",\"url\":\"https:\\\/\\\/drinkotec.ch\\\/\",\"name\":\"DRINKOTEC\",\"description\":\"More Value, Less Waste\",\"potentialAction\":[{\"@type\":\"SearchAction\",\"target\":{\"@type\":\"EntryPoint\",\"urlTemplate\":\"https:\\\/\\\/drinkotec.ch\\\/?s={search_term_string}\"},\"query-input\":{\"@type\":\"PropertyValueSpecification\",\"valueRequired\":true,\"valueName\":\"search_term_string\"}}],\"inLanguage\":\"fr-FR\"}]}<\/script>\n<!-- \/ Yoast SEO plugin. -->","yoast_head_json":{"title":"DRINKOTEC | A la une chez Drinkotec","description":"Nous travaillons \u00e0 une am\u00e9lioration constante des logiciels et des appareils. D\u00e9couvrez nos derni\u00e8res innovations et r\u00e9alisations.","robots":{"index":"index","follow":"follow","max-snippet":"max-snippet:-1","max-image-preview":"max-image-preview:large","max-video-preview":"max-video-preview:-1"},"canonical":"https:\/\/drinkotec.ch\/fr\/a-la-une\/","og_locale":"fr_FR","og_type":"article","og_title":"DRINKOTEC | A la une chez Drinkotec","og_description":"Nous travaillons \u00e0 une am\u00e9lioration constante des logiciels et des appareils. D\u00e9couvrez nos derni\u00e8res innovations et r\u00e9alisations.","og_url":"https:\/\/drinkotec.ch\/fr\/a-la-une\/","og_site_name":"DRINKOTEC","article_modified_time":"2022-09-22T08:51:37+00:00","og_image":[{"width":1929,"height":273,"url":"https:\/\/drinkotec.ch\/wp-content\/uploads\/2018\/11\/header-banner.jpg","type":"image\/jpeg"}],"twitter_card":"summary_large_image","schema":{"@context":"https:\/\/schema.org","@graph":[{"@type":"WebPage","@id":"https:\/\/drinkotec.ch\/fr\/a-la-une\/","url":"https:\/\/drinkotec.ch\/fr\/a-la-une\/","name":"DRINKOTEC | A la une chez Drinkotec","isPartOf":{"@id":"https:\/\/drinkotec.ch\/#website"},"primaryImageOfPage":{"@id":"https:\/\/drinkotec.ch\/fr\/a-la-une\/#primaryimage"},"image":{"@id":"https:\/\/drinkotec.ch\/fr\/a-la-une\/#primaryimage"},"thumbnailUrl":"https:\/\/drinkotec.ch\/wp-content\/uploads\/2018\/11\/header-banner.jpg","datePublished":"2018-11-12T06:53:16+00:00","dateModified":"2022-09-22T08:51:37+00:00","description":"Nous travaillons \u00e0 une am\u00e9lioration constante des logiciels et des appareils. D\u00e9couvrez nos derni\u00e8res innovations et r\u00e9alisations.","breadcrumb":{"@id":"https:\/\/drinkotec.ch\/fr\/a-la-une\/#breadcrumb"},"inLanguage":"fr-FR","potentialAction":[{"@type":"ReadAction","target":["https:\/\/drinkotec.ch\/fr\/a-la-une\/"]}]},{"@type":"ImageObject","inLanguage":"fr-FR","@id":"https:\/\/drinkotec.ch\/fr\/a-la-une\/#primaryimage","url":"https:\/\/drinkotec.ch\/wp-content\/uploads\/2018\/11\/header-banner.jpg","contentUrl":"https:\/\/drinkotec.ch\/wp-content\/uploads\/2018\/11\/header-banner.jpg","width":1929,"height":273},{"@type":"BreadcrumbList","@id":"https:\/\/drinkotec.ch\/fr\/a-la-une\/#breadcrumb","itemListElement":[{"@type":"ListItem","position":1,"name":"Home","item":"https:\/\/drinkotec.ch\/fr\/"},{"@type":"ListItem","position":2,"name":"A la une"}]},{"@type":"WebSite","@id":"https:\/\/drinkotec.ch\/#website","url":"https:\/\/drinkotec.ch\/","name":"DRINKOTEC","description":"More Value, Less Waste","potentialAction":[{"@type":"SearchAction","target":{"@type":"EntryPoint","urlTemplate":"https:\/\/drinkotec.ch\/?s={search_term_string}"},"query-input":{"@type":"PropertyValueSpecification","valueRequired":true,"valueName":"search_term_string"}}],"inLanguage":"fr-FR"}]}},"_links":{"self":[{"href":"https:\/\/drinkotec.ch\/fr\/wp-json\/wp\/v2\/pages\/471","targetHints":{"allow":["GET"]}}],"collection":[{"href":"https:\/\/drinkotec.ch\/fr\/wp-json\/wp\/v2\/pages"}],"about":[{"href":"https:\/\/drinkotec.ch\/fr\/wp-json\/wp\/v2\/types\/page"}],"author":[{"embeddable":true,"href":"https:\/\/drinkotec.ch\/fr\/wp-json\/wp\/v2\/users\/5"}],"replies":[{"embeddable":true,"href":"https:\/\/drinkotec.ch\/fr\/wp-json\/wp\/v2\/comments?post=471"}],"version-history":[{"count":5,"href":"https:\/\/drinkotec.ch\/fr\/wp-json\/wp\/v2\/pages\/471\/revisions"}],"predecessor-version":[{"id":8592,"href":"https:\/\/drinkotec.ch\/fr\/wp-json\/wp\/v2\/pages\/471\/revisions\/8592"}],"wp:featuredmedia":[{"embeddable":true,"href":"https:\/\/drinkotec.ch\/fr\/wp-json\/wp\/v2\/media\/392"}],"wp:attachment":[{"href":"https:\/\/drinkotec.ch\/fr\/wp-json\/wp\/v2\/media?parent=471"}],"curies":[{"name":"wp","href":"https:\/\/api.w.org\/{rel}","templated":true}]}}