{"id":390,"date":"2018-11-12T06:53:06","date_gmt":"2018-11-12T06:53:06","guid":{"rendered":"https:\/\/drinkotec.ch\/?page_id=390"},"modified":"2024-10-29T14:40:29","modified_gmt":"2024-10-29T13:40:29","slug":"systemes","status":"publish","type":"page","link":"https:\/\/drinkotec.ch\/fr\/systemes\/","title":{"rendered":"Syst\u00e8mes"},"content":{"rendered":"<p>D\u00e9couvrez toutes les technologies boissons par DRINKOTEC<\/p>\n","protected":false},"excerpt":{"rendered":"<p>D\u00e9couvrez toutes les technologies boissons par DRINKOTEC<\/p>\n","protected":false},"author":5,"featured_media":392,"parent":0,"menu_order":0,"comment_status":"closed","ping_status":"closed","template":"page-templates\/product.php","meta":{"content-type":"","inline_featured_image":false,"footnotes":""},"class_list":["post-390","page","type-page","status-publish","has-post-thumbnail","hentry"],"yoast_head":"<!-- This site is optimized with the Yoast SEO plugin v27.4 - https:\/\/yoast.com\/product\/yoast-seo-wordpress\/ -->\n<title>DRINKOTEC | Des Syst\u00e8mes con\u00e7us et fabriqu\u00e9s en Suisse<\/title>\n<meta name=\"description\" content=\"Tous les \u00e9quipements disponibles pour le bar, \u00e0 la cave et en cloud pour la gestion et le contr\u00f4le de vos boissons : alcools, postmix, eau...\" \/>\n<meta name=\"robots\" content=\"index, follow, max-snippet:-1, max-image-preview:large, max-video-preview:-1\" \/>\n<link rel=\"canonical\" href=\"https:\/\/drinkotec.ch\/fr\/systemes\/\" \/>\n<meta property=\"og:locale\" content=\"fr_FR\" \/>\n<meta property=\"og:type\" content=\"article\" \/>\n<meta property=\"og:title\" content=\"DRINKOTEC | Des Syst\u00e8mes con\u00e7us et fabriqu\u00e9s en Suisse\" \/>\n<meta property=\"og:description\" content=\"Tous les \u00e9quipements disponibles pour le bar, \u00e0 la cave et en cloud pour la gestion et le contr\u00f4le de vos boissons : alcools, postmix, eau...\" \/>\n<meta property=\"og:url\" content=\"https:\/\/drinkotec.ch\/fr\/systemes\/\" \/>\n<meta property=\"og:site_name\" content=\"DRINKOTEC\" \/>\n<meta property=\"article:modified_time\" content=\"2024-10-29T13:40:29+00:00\" \/>\n<meta property=\"og:image\" content=\"https:\/\/drinkotec.ch\/wp-content\/uploads\/2018\/11\/header-banner.jpg\" \/>\n\t<meta property=\"og:image:width\" content=\"1929\" \/>\n\t<meta property=\"og:image:height\" content=\"273\" \/>\n\t<meta property=\"og:image:type\" content=\"image\/jpeg\" \/>\n<meta name=\"twitter:card\" content=\"summary_large_image\" \/>\n<meta name=\"twitter:label1\" content=\"Dur\u00e9e de lecture estim\u00e9e\" \/>\n\t<meta name=\"twitter:data1\" content=\"1 minute\" \/>\n<script type=\"application\/ld+json\" class=\"yoast-schema-graph\">{\"@context\":\"https:\\\/\\\/schema.org\",\"@graph\":[{\"@type\":\"WebPage\",\"@id\":\"https:\\\/\\\/drinkotec.ch\\\/fr\\\/systemes\\\/\",\"url\":\"https:\\\/\\\/drinkotec.ch\\\/fr\\\/systemes\\\/\",\"name\":\"DRINKOTEC | Des Syst\u00e8mes con\u00e7us et fabriqu\u00e9s en Suisse\",\"isPartOf\":{\"@id\":\"https:\\\/\\\/drinkotec.ch\\\/#website\"},\"primaryImageOfPage\":{\"@id\":\"https:\\\/\\\/drinkotec.ch\\\/fr\\\/systemes\\\/#primaryimage\"},\"image\":{\"@id\":\"https:\\\/\\\/drinkotec.ch\\\/fr\\\/systemes\\\/#primaryimage\"},\"thumbnailUrl\":\"https:\\\/\\\/drinkotec.ch\\\/wp-content\\\/uploads\\\/2018\\\/11\\\/header-banner.jpg\",\"datePublished\":\"2018-11-12T06:53:06+00:00\",\"dateModified\":\"2024-10-29T13:40:29+00:00\",\"description\":\"Tous les \u00e9quipements disponibles pour le bar, \u00e0 la cave et en cloud pour la gestion et le contr\u00f4le de vos boissons : alcools, postmix, eau...\",\"breadcrumb\":{\"@id\":\"https:\\\/\\\/drinkotec.ch\\\/fr\\\/systemes\\\/#breadcrumb\"},\"inLanguage\":\"fr-FR\",\"potentialAction\":[{\"@type\":\"ReadAction\",\"target\":[\"https:\\\/\\\/drinkotec.ch\\\/fr\\\/systemes\\\/\"]}]},{\"@type\":\"ImageObject\",\"inLanguage\":\"fr-FR\",\"@id\":\"https:\\\/\\\/drinkotec.ch\\\/fr\\\/systemes\\\/#primaryimage\",\"url\":\"https:\\\/\\\/drinkotec.ch\\\/wp-content\\\/uploads\\\/2018\\\/11\\\/header-banner.jpg\",\"contentUrl\":\"https:\\\/\\\/drinkotec.ch\\\/wp-content\\\/uploads\\\/2018\\\/11\\\/header-banner.jpg\",\"width\":1929,\"height\":273},{\"@type\":\"BreadcrumbList\",\"@id\":\"https:\\\/\\\/drinkotec.ch\\\/fr\\\/systemes\\\/#breadcrumb\",\"itemListElement\":[{\"@type\":\"ListItem\",\"position\":1,\"name\":\"Home\",\"item\":\"https:\\\/\\\/drinkotec.ch\\\/fr\\\/\"},{\"@type\":\"ListItem\",\"position\":2,\"name\":\"Syst\u00e8mes\"}]},{\"@type\":\"WebSite\",\"@id\":\"https:\\\/\\\/drinkotec.ch\\\/#website\",\"url\":\"https:\\\/\\\/drinkotec.ch\\\/\",\"name\":\"DRINKOTEC\",\"description\":\"More Value, Less Waste\",\"potentialAction\":[{\"@type\":\"SearchAction\",\"target\":{\"@type\":\"EntryPoint\",\"urlTemplate\":\"https:\\\/\\\/drinkotec.ch\\\/?s={search_term_string}\"},\"query-input\":{\"@type\":\"PropertyValueSpecification\",\"valueRequired\":true,\"valueName\":\"search_term_string\"}}],\"inLanguage\":\"fr-FR\"}]}<\/script>\n<!-- \/ Yoast SEO plugin. -->","yoast_head_json":{"title":"DRINKOTEC | Des Syst\u00e8mes con\u00e7us et fabriqu\u00e9s en Suisse","description":"Tous les \u00e9quipements disponibles pour le bar, \u00e0 la cave et en cloud pour la gestion et le contr\u00f4le de vos boissons : alcools, postmix, eau...","robots":{"index":"index","follow":"follow","max-snippet":"max-snippet:-1","max-image-preview":"max-image-preview:large","max-video-preview":"max-video-preview:-1"},"canonical":"https:\/\/drinkotec.ch\/fr\/systemes\/","og_locale":"fr_FR","og_type":"article","og_title":"DRINKOTEC | Des Syst\u00e8mes con\u00e7us et fabriqu\u00e9s en Suisse","og_description":"Tous les \u00e9quipements disponibles pour le bar, \u00e0 la cave et en cloud pour la gestion et le contr\u00f4le de vos boissons : alcools, postmix, eau...","og_url":"https:\/\/drinkotec.ch\/fr\/systemes\/","og_site_name":"DRINKOTEC","article_modified_time":"2024-10-29T13:40:29+00:00","og_image":[{"width":1929,"height":273,"url":"https:\/\/drinkotec.ch\/wp-content\/uploads\/2018\/11\/header-banner.jpg","type":"image\/jpeg"}],"twitter_card":"summary_large_image","twitter_misc":{"Dur\u00e9e de lecture estim\u00e9e":"1 minute"},"schema":{"@context":"https:\/\/schema.org","@graph":[{"@type":"WebPage","@id":"https:\/\/drinkotec.ch\/fr\/systemes\/","url":"https:\/\/drinkotec.ch\/fr\/systemes\/","name":"DRINKOTEC | Des Syst\u00e8mes con\u00e7us et fabriqu\u00e9s en Suisse","isPartOf":{"@id":"https:\/\/drinkotec.ch\/#website"},"primaryImageOfPage":{"@id":"https:\/\/drinkotec.ch\/fr\/systemes\/#primaryimage"},"image":{"@id":"https:\/\/drinkotec.ch\/fr\/systemes\/#primaryimage"},"thumbnailUrl":"https:\/\/drinkotec.ch\/wp-content\/uploads\/2018\/11\/header-banner.jpg","datePublished":"2018-11-12T06:53:06+00:00","dateModified":"2024-10-29T13:40:29+00:00","description":"Tous les \u00e9quipements disponibles pour le bar, \u00e0 la cave et en cloud pour la gestion et le contr\u00f4le de vos boissons : alcools, postmix, eau...","breadcrumb":{"@id":"https:\/\/drinkotec.ch\/fr\/systemes\/#breadcrumb"},"inLanguage":"fr-FR","potentialAction":[{"@type":"ReadAction","target":["https:\/\/drinkotec.ch\/fr\/systemes\/"]}]},{"@type":"ImageObject","inLanguage":"fr-FR","@id":"https:\/\/drinkotec.ch\/fr\/systemes\/#primaryimage","url":"https:\/\/drinkotec.ch\/wp-content\/uploads\/2018\/11\/header-banner.jpg","contentUrl":"https:\/\/drinkotec.ch\/wp-content\/uploads\/2018\/11\/header-banner.jpg","width":1929,"height":273},{"@type":"BreadcrumbList","@id":"https:\/\/drinkotec.ch\/fr\/systemes\/#breadcrumb","itemListElement":[{"@type":"ListItem","position":1,"name":"Home","item":"https:\/\/drinkotec.ch\/fr\/"},{"@type":"ListItem","position":2,"name":"Syst\u00e8mes"}]},{"@type":"WebSite","@id":"https:\/\/drinkotec.ch\/#website","url":"https:\/\/drinkotec.ch\/","name":"DRINKOTEC","description":"More Value, Less Waste","potentialAction":[{"@type":"SearchAction","target":{"@type":"EntryPoint","urlTemplate":"https:\/\/drinkotec.ch\/?s={search_term_string}"},"query-input":{"@type":"PropertyValueSpecification","valueRequired":true,"valueName":"search_term_string"}}],"inLanguage":"fr-FR"}]}},"_links":{"self":[{"href":"https:\/\/drinkotec.ch\/fr\/wp-json\/wp\/v2\/pages\/390","targetHints":{"allow":["GET"]}}],"collection":[{"href":"https:\/\/drinkotec.ch\/fr\/wp-json\/wp\/v2\/pages"}],"about":[{"href":"https:\/\/drinkotec.ch\/fr\/wp-json\/wp\/v2\/types\/page"}],"author":[{"embeddable":true,"href":"https:\/\/drinkotec.ch\/fr\/wp-json\/wp\/v2\/users\/5"}],"replies":[{"embeddable":true,"href":"https:\/\/drinkotec.ch\/fr\/wp-json\/wp\/v2\/comments?post=390"}],"version-history":[{"count":4,"href":"https:\/\/drinkotec.ch\/fr\/wp-json\/wp\/v2\/pages\/390\/revisions"}],"predecessor-version":[{"id":10873,"href":"https:\/\/drinkotec.ch\/fr\/wp-json\/wp\/v2\/pages\/390\/revisions\/10873"}],"wp:featuredmedia":[{"embeddable":true,"href":"https:\/\/drinkotec.ch\/fr\/wp-json\/wp\/v2\/media\/392"}],"wp:attachment":[{"href":"https:\/\/drinkotec.ch\/fr\/wp-json\/wp\/v2\/media?parent=390"}],"curies":[{"name":"wp","href":"https:\/\/api.w.org\/{rel}","templated":true}]}}