{"id":3576,"date":"2018-12-14T08:13:02","date_gmt":"2018-12-14T08:13:02","guid":{"rendered":"https:\/\/drinkotec.ch\/lentreprise\/careers-freelancers\/"},"modified":"2022-10-11T16:07:54","modified_gmt":"2022-10-11T15:07:54","slug":"carrieres-freelance","status":"publish","type":"page","link":"https:\/\/drinkotec.ch\/fr\/carrieres-freelance\/","title":{"rendered":"Carri\u00e8res &#038; Free-lance"},"content":{"rendered":"","protected":false},"excerpt":{"rendered":"","protected":false},"author":5,"featured_media":0,"parent":0,"menu_order":0,"comment_status":"closed","ping_status":"closed","template":"","meta":{"content-type":"","inline_featured_image":false,"footnotes":""},"class_list":["post-3576","page","type-page","status-publish","hentry"],"yoast_head":"<!-- This site is optimized with the Yoast SEO plugin v27.4 - https:\/\/yoast.com\/product\/yoast-seo-wordpress\/ -->\n<title>DRINKOTEC | Carri\u00e8res &amp; Free-lance , d\u00e9couvrez nos postes \u00e0 pourvoir<\/title>\n<meta name=\"description\" content=\"Rejoignez l&#039;\u00e9quipe DRINKOTEC et devenez l\u2019ambassadeur de notre message \u00ab More value, Less waste \u00bb dans l\u2019industrie des boissons!\" \/>\n<meta name=\"robots\" content=\"index, follow, max-snippet:-1, max-image-preview:large, max-video-preview:-1\" \/>\n<link rel=\"canonical\" href=\"https:\/\/drinkotec.ch\/fr\/carrieres-freelance\/\" \/>\n<meta property=\"og:locale\" content=\"fr_FR\" \/>\n<meta property=\"og:type\" content=\"article\" \/>\n<meta property=\"og:title\" content=\"DRINKOTEC | Carri\u00e8res &amp; Free-lance , d\u00e9couvrez nos postes \u00e0 pourvoir\" \/>\n<meta property=\"og:description\" content=\"Rejoignez l&#039;\u00e9quipe DRINKOTEC et devenez l\u2019ambassadeur de notre message \u00ab More value, Less waste \u00bb dans l\u2019industrie des boissons!\" \/>\n<meta property=\"og:url\" content=\"https:\/\/drinkotec.ch\/fr\/carrieres-freelance\/\" \/>\n<meta property=\"og:site_name\" content=\"DRINKOTEC\" \/>\n<meta property=\"article:modified_time\" content=\"2022-10-11T15:07:54+00:00\" \/>\n<meta name=\"twitter:card\" content=\"summary_large_image\" \/>\n<script type=\"application\/ld+json\" class=\"yoast-schema-graph\">{\"@context\":\"https:\\\/\\\/schema.org\",\"@graph\":[{\"@type\":\"WebPage\",\"@id\":\"https:\\\/\\\/drinkotec.ch\\\/fr\\\/carrieres-freelance\\\/\",\"url\":\"https:\\\/\\\/drinkotec.ch\\\/fr\\\/carrieres-freelance\\\/\",\"name\":\"DRINKOTEC | Carri\u00e8res & Free-lance , d\u00e9couvrez nos postes \u00e0 pourvoir\",\"isPartOf\":{\"@id\":\"https:\\\/\\\/drinkotec.ch\\\/#website\"},\"datePublished\":\"2018-12-14T08:13:02+00:00\",\"dateModified\":\"2022-10-11T15:07:54+00:00\",\"description\":\"Rejoignez l'\u00e9quipe DRINKOTEC et devenez l\u2019ambassadeur de notre message \u00ab More value, Less waste \u00bb dans l\u2019industrie des boissons!\",\"breadcrumb\":{\"@id\":\"https:\\\/\\\/drinkotec.ch\\\/fr\\\/carrieres-freelance\\\/#breadcrumb\"},\"inLanguage\":\"fr-FR\",\"potentialAction\":[{\"@type\":\"ReadAction\",\"target\":[\"https:\\\/\\\/drinkotec.ch\\\/fr\\\/carrieres-freelance\\\/\"]}]},{\"@type\":\"BreadcrumbList\",\"@id\":\"https:\\\/\\\/drinkotec.ch\\\/fr\\\/carrieres-freelance\\\/#breadcrumb\",\"itemListElement\":[{\"@type\":\"ListItem\",\"position\":1,\"name\":\"Home\",\"item\":\"https:\\\/\\\/drinkotec.ch\\\/fr\\\/\"},{\"@type\":\"ListItem\",\"position\":2,\"name\":\"Carri\u00e8res &#038; Free-lance\"}]},{\"@type\":\"WebSite\",\"@id\":\"https:\\\/\\\/drinkotec.ch\\\/#website\",\"url\":\"https:\\\/\\\/drinkotec.ch\\\/\",\"name\":\"DRINKOTEC\",\"description\":\"More Value, Less Waste\",\"potentialAction\":[{\"@type\":\"SearchAction\",\"target\":{\"@type\":\"EntryPoint\",\"urlTemplate\":\"https:\\\/\\\/drinkotec.ch\\\/?s={search_term_string}\"},\"query-input\":{\"@type\":\"PropertyValueSpecification\",\"valueRequired\":true,\"valueName\":\"search_term_string\"}}],\"inLanguage\":\"fr-FR\"}]}<\/script>\n<!-- \/ Yoast SEO plugin. -->","yoast_head_json":{"title":"DRINKOTEC | Carri\u00e8res & Free-lance , d\u00e9couvrez nos postes \u00e0 pourvoir","description":"Rejoignez l'\u00e9quipe DRINKOTEC et devenez l\u2019ambassadeur de notre message \u00ab More value, Less waste \u00bb dans l\u2019industrie des boissons!","robots":{"index":"index","follow":"follow","max-snippet":"max-snippet:-1","max-image-preview":"max-image-preview:large","max-video-preview":"max-video-preview:-1"},"canonical":"https:\/\/drinkotec.ch\/fr\/carrieres-freelance\/","og_locale":"fr_FR","og_type":"article","og_title":"DRINKOTEC | Carri\u00e8res & Free-lance , d\u00e9couvrez nos postes \u00e0 pourvoir","og_description":"Rejoignez l'\u00e9quipe DRINKOTEC et devenez l\u2019ambassadeur de notre message \u00ab More value, Less waste \u00bb dans l\u2019industrie des boissons!","og_url":"https:\/\/drinkotec.ch\/fr\/carrieres-freelance\/","og_site_name":"DRINKOTEC","article_modified_time":"2022-10-11T15:07:54+00:00","twitter_card":"summary_large_image","schema":{"@context":"https:\/\/schema.org","@graph":[{"@type":"WebPage","@id":"https:\/\/drinkotec.ch\/fr\/carrieres-freelance\/","url":"https:\/\/drinkotec.ch\/fr\/carrieres-freelance\/","name":"DRINKOTEC | Carri\u00e8res & Free-lance , d\u00e9couvrez nos postes \u00e0 pourvoir","isPartOf":{"@id":"https:\/\/drinkotec.ch\/#website"},"datePublished":"2018-12-14T08:13:02+00:00","dateModified":"2022-10-11T15:07:54+00:00","description":"Rejoignez l'\u00e9quipe DRINKOTEC et devenez l\u2019ambassadeur de notre message \u00ab More value, Less waste \u00bb dans l\u2019industrie des boissons!","breadcrumb":{"@id":"https:\/\/drinkotec.ch\/fr\/carrieres-freelance\/#breadcrumb"},"inLanguage":"fr-FR","potentialAction":[{"@type":"ReadAction","target":["https:\/\/drinkotec.ch\/fr\/carrieres-freelance\/"]}]},{"@type":"BreadcrumbList","@id":"https:\/\/drinkotec.ch\/fr\/carrieres-freelance\/#breadcrumb","itemListElement":[{"@type":"ListItem","position":1,"name":"Home","item":"https:\/\/drinkotec.ch\/fr\/"},{"@type":"ListItem","position":2,"name":"Carri\u00e8res &#038; Free-lance"}]},{"@type":"WebSite","@id":"https:\/\/drinkotec.ch\/#website","url":"https:\/\/drinkotec.ch\/","name":"DRINKOTEC","description":"More Value, Less Waste","potentialAction":[{"@type":"SearchAction","target":{"@type":"EntryPoint","urlTemplate":"https:\/\/drinkotec.ch\/?s={search_term_string}"},"query-input":{"@type":"PropertyValueSpecification","valueRequired":true,"valueName":"search_term_string"}}],"inLanguage":"fr-FR"}]}},"_links":{"self":[{"href":"https:\/\/drinkotec.ch\/fr\/wp-json\/wp\/v2\/pages\/3576","targetHints":{"allow":["GET"]}}],"collection":[{"href":"https:\/\/drinkotec.ch\/fr\/wp-json\/wp\/v2\/pages"}],"about":[{"href":"https:\/\/drinkotec.ch\/fr\/wp-json\/wp\/v2\/types\/page"}],"author":[{"embeddable":true,"href":"https:\/\/drinkotec.ch\/fr\/wp-json\/wp\/v2\/users\/5"}],"replies":[{"embeddable":true,"href":"https:\/\/drinkotec.ch\/fr\/wp-json\/wp\/v2\/comments?post=3576"}],"version-history":[{"count":7,"href":"https:\/\/drinkotec.ch\/fr\/wp-json\/wp\/v2\/pages\/3576\/revisions"}],"predecessor-version":[{"id":8968,"href":"https:\/\/drinkotec.ch\/fr\/wp-json\/wp\/v2\/pages\/3576\/revisions\/8968"}],"wp:attachment":[{"href":"https:\/\/drinkotec.ch\/fr\/wp-json\/wp\/v2\/media?parent=3576"}],"curies":[{"name":"wp","href":"https:\/\/api.w.org\/{rel}","templated":true}]}}