{"id":7754,"date":"2021-03-19T10:44:35","date_gmt":"2021-03-19T09:44:35","guid":{"rendered":"https:\/\/drinkotec.ch\/touchless-dispensing\/"},"modified":"2021-12-22T14:14:10","modified_gmt":"2021-12-22T13:14:10","slug":"beruehrungslose-dosierung","status":"publish","type":"page","link":"https:\/\/drinkotec.ch\/de\/beruehrungslose-dosierung\/","title":{"rendered":"Ber\u00fchrungslose Dosierung"},"content":{"rendered":"","protected":false},"excerpt":{"rendered":"","protected":false},"author":3,"featured_media":0,"parent":0,"menu_order":0,"comment_status":"closed","ping_status":"closed","template":"","meta":{"content-type":"","inline_featured_image":false,"footnotes":""},"class_list":["post-7754","page","type-page","status-publish","hentry"],"yoast_head":"<!-- This site is optimized with the Yoast SEO plugin v27.3 - https:\/\/yoast.com\/product\/yoast-seo-wordpress\/ -->\n<title>DRINKOTEC | Ber\u00fchrungslose Dosierung , Sicherer Ausschank<\/title>\n<meta name=\"description\" content=\"Erleben Sie kontaktloses Ausw\u00e4hlen, Autorisieren und Ausschenken mit unseren neuesten integrierten L\u00f6sungen zur Gesten- und Fernsteuerung.\" \/>\n<meta name=\"robots\" content=\"index, follow, max-snippet:-1, max-image-preview:large, max-video-preview:-1\" \/>\n<link rel=\"canonical\" href=\"https:\/\/drinkotec.ch\/de\/beruehrungslose-dosierung\/\" \/>\n<meta property=\"og:locale\" content=\"de_DE\" \/>\n<meta property=\"og:type\" content=\"article\" \/>\n<meta property=\"og:title\" content=\"DRINKOTEC | Ber\u00fchrungslose Dosierung , Sicherer Ausschank\" \/>\n<meta property=\"og:description\" content=\"Erleben Sie kontaktloses Ausw\u00e4hlen, Autorisieren und Ausschenken mit unseren neuesten integrierten L\u00f6sungen zur Gesten- und Fernsteuerung.\" \/>\n<meta property=\"og:url\" content=\"https:\/\/drinkotec.ch\/de\/beruehrungslose-dosierung\/\" \/>\n<meta property=\"og:site_name\" content=\"DRINKOTEC\" \/>\n<meta property=\"article:modified_time\" content=\"2021-12-22T13:14:10+00:00\" \/>\n<meta name=\"twitter:card\" content=\"summary_large_image\" \/>\n<script type=\"application\/ld+json\" class=\"yoast-schema-graph\">{\"@context\":\"https:\\\/\\\/schema.org\",\"@graph\":[{\"@type\":\"WebPage\",\"@id\":\"https:\\\/\\\/drinkotec.ch\\\/de\\\/beruehrungslose-dosierung\\\/\",\"url\":\"https:\\\/\\\/drinkotec.ch\\\/de\\\/beruehrungslose-dosierung\\\/\",\"name\":\"DRINKOTEC | Ber\u00fchrungslose Dosierung , Sicherer Ausschank\",\"isPartOf\":{\"@id\":\"https:\\\/\\\/drinkotec.ch\\\/#website\"},\"datePublished\":\"2021-03-19T09:44:35+00:00\",\"dateModified\":\"2021-12-22T13:14:10+00:00\",\"description\":\"Erleben Sie kontaktloses Ausw\u00e4hlen, Autorisieren und Ausschenken mit unseren neuesten integrierten L\u00f6sungen zur Gesten- und Fernsteuerung.\",\"breadcrumb\":{\"@id\":\"https:\\\/\\\/drinkotec.ch\\\/de\\\/beruehrungslose-dosierung\\\/#breadcrumb\"},\"inLanguage\":\"de\",\"potentialAction\":[{\"@type\":\"ReadAction\",\"target\":[\"https:\\\/\\\/drinkotec.ch\\\/de\\\/beruehrungslose-dosierung\\\/\"]}]},{\"@type\":\"BreadcrumbList\",\"@id\":\"https:\\\/\\\/drinkotec.ch\\\/de\\\/beruehrungslose-dosierung\\\/#breadcrumb\",\"itemListElement\":[{\"@type\":\"ListItem\",\"position\":1,\"name\":\"Home\",\"item\":\"https:\\\/\\\/drinkotec.ch\\\/de\\\/\"},{\"@type\":\"ListItem\",\"position\":2,\"name\":\"Ber\u00fchrungslose Dosierung\"}]},{\"@type\":\"WebSite\",\"@id\":\"https:\\\/\\\/drinkotec.ch\\\/#website\",\"url\":\"https:\\\/\\\/drinkotec.ch\\\/\",\"name\":\"DRINKOTEC\",\"description\":\"More Value, Less Waste\",\"potentialAction\":[{\"@type\":\"SearchAction\",\"target\":{\"@type\":\"EntryPoint\",\"urlTemplate\":\"https:\\\/\\\/drinkotec.ch\\\/?s={search_term_string}\"},\"query-input\":{\"@type\":\"PropertyValueSpecification\",\"valueRequired\":true,\"valueName\":\"search_term_string\"}}],\"inLanguage\":\"de\"}]}<\/script>\n<!-- \/ Yoast SEO plugin. -->","yoast_head_json":{"title":"DRINKOTEC | Ber\u00fchrungslose Dosierung , Sicherer Ausschank","description":"Erleben Sie kontaktloses Ausw\u00e4hlen, Autorisieren und Ausschenken mit unseren neuesten integrierten L\u00f6sungen zur Gesten- und Fernsteuerung.","robots":{"index":"index","follow":"follow","max-snippet":"max-snippet:-1","max-image-preview":"max-image-preview:large","max-video-preview":"max-video-preview:-1"},"canonical":"https:\/\/drinkotec.ch\/de\/beruehrungslose-dosierung\/","og_locale":"de_DE","og_type":"article","og_title":"DRINKOTEC | Ber\u00fchrungslose Dosierung , Sicherer Ausschank","og_description":"Erleben Sie kontaktloses Ausw\u00e4hlen, Autorisieren und Ausschenken mit unseren neuesten integrierten L\u00f6sungen zur Gesten- und Fernsteuerung.","og_url":"https:\/\/drinkotec.ch\/de\/beruehrungslose-dosierung\/","og_site_name":"DRINKOTEC","article_modified_time":"2021-12-22T13:14:10+00:00","twitter_card":"summary_large_image","schema":{"@context":"https:\/\/schema.org","@graph":[{"@type":"WebPage","@id":"https:\/\/drinkotec.ch\/de\/beruehrungslose-dosierung\/","url":"https:\/\/drinkotec.ch\/de\/beruehrungslose-dosierung\/","name":"DRINKOTEC | Ber\u00fchrungslose Dosierung , Sicherer Ausschank","isPartOf":{"@id":"https:\/\/drinkotec.ch\/#website"},"datePublished":"2021-03-19T09:44:35+00:00","dateModified":"2021-12-22T13:14:10+00:00","description":"Erleben Sie kontaktloses Ausw\u00e4hlen, Autorisieren und Ausschenken mit unseren neuesten integrierten L\u00f6sungen zur Gesten- und Fernsteuerung.","breadcrumb":{"@id":"https:\/\/drinkotec.ch\/de\/beruehrungslose-dosierung\/#breadcrumb"},"inLanguage":"de","potentialAction":[{"@type":"ReadAction","target":["https:\/\/drinkotec.ch\/de\/beruehrungslose-dosierung\/"]}]},{"@type":"BreadcrumbList","@id":"https:\/\/drinkotec.ch\/de\/beruehrungslose-dosierung\/#breadcrumb","itemListElement":[{"@type":"ListItem","position":1,"name":"Home","item":"https:\/\/drinkotec.ch\/de\/"},{"@type":"ListItem","position":2,"name":"Ber\u00fchrungslose Dosierung"}]},{"@type":"WebSite","@id":"https:\/\/drinkotec.ch\/#website","url":"https:\/\/drinkotec.ch\/","name":"DRINKOTEC","description":"More Value, Less Waste","potentialAction":[{"@type":"SearchAction","target":{"@type":"EntryPoint","urlTemplate":"https:\/\/drinkotec.ch\/?s={search_term_string}"},"query-input":{"@type":"PropertyValueSpecification","valueRequired":true,"valueName":"search_term_string"}}],"inLanguage":"de"}]}},"_links":{"self":[{"href":"https:\/\/drinkotec.ch\/de\/wp-json\/wp\/v2\/pages\/7754","targetHints":{"allow":["GET"]}}],"collection":[{"href":"https:\/\/drinkotec.ch\/de\/wp-json\/wp\/v2\/pages"}],"about":[{"href":"https:\/\/drinkotec.ch\/de\/wp-json\/wp\/v2\/types\/page"}],"author":[{"embeddable":true,"href":"https:\/\/drinkotec.ch\/de\/wp-json\/wp\/v2\/users\/3"}],"replies":[{"embeddable":true,"href":"https:\/\/drinkotec.ch\/de\/wp-json\/wp\/v2\/comments?post=7754"}],"version-history":[{"count":5,"href":"https:\/\/drinkotec.ch\/de\/wp-json\/wp\/v2\/pages\/7754\/revisions"}],"predecessor-version":[{"id":7917,"href":"https:\/\/drinkotec.ch\/de\/wp-json\/wp\/v2\/pages\/7754\/revisions\/7917"}],"wp:attachment":[{"href":"https:\/\/drinkotec.ch\/de\/wp-json\/wp\/v2\/media?parent=7754"}],"curies":[{"name":"wp","href":"https:\/\/api.w.org\/{rel}","templated":true}]}}