{"id":7734,"date":"2021-03-16T15:36:48","date_gmt":"2021-03-16T14:36:48","guid":{"rendered":"https:\/\/drinkotec.ch\/beverage-operations-app\/"},"modified":"2023-01-19T14:58:46","modified_gmt":"2023-01-19T13:58:46","slug":"loop","status":"publish","type":"page","link":"https:\/\/drinkotec.ch\/de\/loop\/","title":{"rendered":"Loop360 Analytics &#8211; Getr\u00e4nketechnik App"},"content":{"rendered":"","protected":false},"excerpt":{"rendered":"","protected":false},"author":3,"featured_media":0,"parent":0,"menu_order":0,"comment_status":"closed","ping_status":"closed","template":"","meta":{"content-type":"","inline_featured_image":false,"footnotes":""},"class_list":["post-7734","page","type-page","status-publish","hentry"],"yoast_head":"<!-- This site is optimized with the Yoast SEO plugin v27.4 - https:\/\/yoast.com\/product\/yoast-seo-wordpress\/ -->\n<title>DRINKOTEC | Loop360 Analytics - Getr\u00e4nketechnik App<\/title>\n<meta name=\"description\" content=\"Ihre Getr\u00e4nkebetriebsplattform zur Verwaltung von Vertrieb, Marketing, Technik und Lagerhaltung und zur F\u00f6rderung des Kundenerfolgs.\" \/>\n<meta name=\"robots\" content=\"index, follow, max-snippet:-1, max-image-preview:large, max-video-preview:-1\" \/>\n<link rel=\"canonical\" href=\"https:\/\/drinkotec.ch\/de\/loop\/\" \/>\n<meta property=\"og:locale\" content=\"de_DE\" \/>\n<meta property=\"og:type\" content=\"article\" \/>\n<meta property=\"og:title\" content=\"DRINKOTEC | Loop360 Analytics - Getr\u00e4nketechnik App\" \/>\n<meta property=\"og:description\" content=\"Ihre Getr\u00e4nkebetriebsplattform zur Verwaltung von Vertrieb, Marketing, Technik und Lagerhaltung und zur F\u00f6rderung des Kundenerfolgs.\" \/>\n<meta property=\"og:url\" content=\"https:\/\/drinkotec.ch\/de\/loop\/\" \/>\n<meta property=\"og:site_name\" content=\"DRINKOTEC\" \/>\n<meta property=\"article:modified_time\" content=\"2023-01-19T13:58:46+00:00\" \/>\n<meta name=\"twitter:card\" content=\"summary_large_image\" \/>\n<script type=\"application\/ld+json\" class=\"yoast-schema-graph\">{\"@context\":\"https:\\\/\\\/schema.org\",\"@graph\":[{\"@type\":\"WebPage\",\"@id\":\"https:\\\/\\\/drinkotec.ch\\\/de\\\/loop\\\/\",\"url\":\"https:\\\/\\\/drinkotec.ch\\\/de\\\/loop\\\/\",\"name\":\"DRINKOTEC | Loop360 Analytics - Getr\u00e4nketechnik App\",\"isPartOf\":{\"@id\":\"https:\\\/\\\/drinkotec.ch\\\/#website\"},\"datePublished\":\"2021-03-16T14:36:48+00:00\",\"dateModified\":\"2023-01-19T13:58:46+00:00\",\"description\":\"Ihre Getr\u00e4nkebetriebsplattform zur Verwaltung von Vertrieb, Marketing, Technik und Lagerhaltung und zur F\u00f6rderung des Kundenerfolgs.\",\"breadcrumb\":{\"@id\":\"https:\\\/\\\/drinkotec.ch\\\/de\\\/loop\\\/#breadcrumb\"},\"inLanguage\":\"de\",\"potentialAction\":[{\"@type\":\"ReadAction\",\"target\":[\"https:\\\/\\\/drinkotec.ch\\\/de\\\/loop\\\/\"]}]},{\"@type\":\"BreadcrumbList\",\"@id\":\"https:\\\/\\\/drinkotec.ch\\\/de\\\/loop\\\/#breadcrumb\",\"itemListElement\":[{\"@type\":\"ListItem\",\"position\":1,\"name\":\"Home\",\"item\":\"https:\\\/\\\/drinkotec.ch\\\/de\\\/\"},{\"@type\":\"ListItem\",\"position\":2,\"name\":\"Loop360 Analytics &#8211; Getr\u00e4nketechnik App\"}]},{\"@type\":\"WebSite\",\"@id\":\"https:\\\/\\\/drinkotec.ch\\\/#website\",\"url\":\"https:\\\/\\\/drinkotec.ch\\\/\",\"name\":\"DRINKOTEC\",\"description\":\"More Value, Less Waste\",\"potentialAction\":[{\"@type\":\"SearchAction\",\"target\":{\"@type\":\"EntryPoint\",\"urlTemplate\":\"https:\\\/\\\/drinkotec.ch\\\/?s={search_term_string}\"},\"query-input\":{\"@type\":\"PropertyValueSpecification\",\"valueRequired\":true,\"valueName\":\"search_term_string\"}}],\"inLanguage\":\"de\"}]}<\/script>\n<!-- \/ Yoast SEO plugin. -->","yoast_head_json":{"title":"DRINKOTEC | Loop360 Analytics - Getr\u00e4nketechnik App","description":"Ihre Getr\u00e4nkebetriebsplattform zur Verwaltung von Vertrieb, Marketing, Technik und Lagerhaltung und zur F\u00f6rderung des Kundenerfolgs.","robots":{"index":"index","follow":"follow","max-snippet":"max-snippet:-1","max-image-preview":"max-image-preview:large","max-video-preview":"max-video-preview:-1"},"canonical":"https:\/\/drinkotec.ch\/de\/loop\/","og_locale":"de_DE","og_type":"article","og_title":"DRINKOTEC | Loop360 Analytics - Getr\u00e4nketechnik App","og_description":"Ihre Getr\u00e4nkebetriebsplattform zur Verwaltung von Vertrieb, Marketing, Technik und Lagerhaltung und zur F\u00f6rderung des Kundenerfolgs.","og_url":"https:\/\/drinkotec.ch\/de\/loop\/","og_site_name":"DRINKOTEC","article_modified_time":"2023-01-19T13:58:46+00:00","twitter_card":"summary_large_image","schema":{"@context":"https:\/\/schema.org","@graph":[{"@type":"WebPage","@id":"https:\/\/drinkotec.ch\/de\/loop\/","url":"https:\/\/drinkotec.ch\/de\/loop\/","name":"DRINKOTEC | Loop360 Analytics - Getr\u00e4nketechnik App","isPartOf":{"@id":"https:\/\/drinkotec.ch\/#website"},"datePublished":"2021-03-16T14:36:48+00:00","dateModified":"2023-01-19T13:58:46+00:00","description":"Ihre Getr\u00e4nkebetriebsplattform zur Verwaltung von Vertrieb, Marketing, Technik und Lagerhaltung und zur F\u00f6rderung des Kundenerfolgs.","breadcrumb":{"@id":"https:\/\/drinkotec.ch\/de\/loop\/#breadcrumb"},"inLanguage":"de","potentialAction":[{"@type":"ReadAction","target":["https:\/\/drinkotec.ch\/de\/loop\/"]}]},{"@type":"BreadcrumbList","@id":"https:\/\/drinkotec.ch\/de\/loop\/#breadcrumb","itemListElement":[{"@type":"ListItem","position":1,"name":"Home","item":"https:\/\/drinkotec.ch\/de\/"},{"@type":"ListItem","position":2,"name":"Loop360 Analytics &#8211; Getr\u00e4nketechnik App"}]},{"@type":"WebSite","@id":"https:\/\/drinkotec.ch\/#website","url":"https:\/\/drinkotec.ch\/","name":"DRINKOTEC","description":"More Value, Less Waste","potentialAction":[{"@type":"SearchAction","target":{"@type":"EntryPoint","urlTemplate":"https:\/\/drinkotec.ch\/?s={search_term_string}"},"query-input":{"@type":"PropertyValueSpecification","valueRequired":true,"valueName":"search_term_string"}}],"inLanguage":"de"}]}},"_links":{"self":[{"href":"https:\/\/drinkotec.ch\/de\/wp-json\/wp\/v2\/pages\/7734","targetHints":{"allow":["GET"]}}],"collection":[{"href":"https:\/\/drinkotec.ch\/de\/wp-json\/wp\/v2\/pages"}],"about":[{"href":"https:\/\/drinkotec.ch\/de\/wp-json\/wp\/v2\/types\/page"}],"author":[{"embeddable":true,"href":"https:\/\/drinkotec.ch\/de\/wp-json\/wp\/v2\/users\/3"}],"replies":[{"embeddable":true,"href":"https:\/\/drinkotec.ch\/de\/wp-json\/wp\/v2\/comments?post=7734"}],"version-history":[{"count":5,"href":"https:\/\/drinkotec.ch\/de\/wp-json\/wp\/v2\/pages\/7734\/revisions"}],"predecessor-version":[{"id":9176,"href":"https:\/\/drinkotec.ch\/de\/wp-json\/wp\/v2\/pages\/7734\/revisions\/9176"}],"wp:attachment":[{"href":"https:\/\/drinkotec.ch\/de\/wp-json\/wp\/v2\/media?parent=7734"}],"curies":[{"name":"wp","href":"https:\/\/api.w.org\/{rel}","templated":true}]}}