{"id":7707,"date":"2021-03-19T10:45:34","date_gmt":"2021-03-19T09:45:34","guid":{"rendered":"https:\/\/drinkotec.ch\/beer-towers\/"},"modified":"2022-09-22T19:30:17","modified_gmt":"2022-09-22T18:30:17","slug":"biertuerme","status":"publish","type":"page","link":"https:\/\/drinkotec.ch\/de\/biertuerme\/","title":{"rendered":"Biert\u00fcrme"},"content":{"rendered":"","protected":false},"excerpt":{"rendered":"","protected":false},"author":3,"featured_media":0,"parent":0,"menu_order":0,"comment_status":"closed","ping_status":"closed","template":"","meta":{"content-type":"","inline_featured_image":false,"footnotes":""},"class_list":["post-7707","page","type-page","status-publish","hentry"],"yoast_head":"<!-- This site is optimized with the Yoast SEO plugin v27.3 - https:\/\/yoast.com\/product\/yoast-seo-wordpress\/ -->\n<title>DRINKOTEC | Integration unserer L\u00f6sungen f\u00fcr Biert\u00fcrme<\/title>\n<meta name=\"description\" content=\"Ohne Ihre bestehenden Bieranlagen zu modifizieren, k\u00f6nnen wir Ihre traditionellen Bieranlagen aufr\u00fcsten, um eine optimale Bierverkaufsleistung zu erzielen.\" \/>\n<meta name=\"robots\" content=\"index, follow, max-snippet:-1, max-image-preview:large, max-video-preview:-1\" \/>\n<link rel=\"canonical\" href=\"https:\/\/drinkotec.ch\/de\/biertuerme\/\" \/>\n<meta property=\"og:locale\" content=\"de_DE\" \/>\n<meta property=\"og:type\" content=\"article\" \/>\n<meta property=\"og:title\" content=\"DRINKOTEC | Integration unserer L\u00f6sungen f\u00fcr Biert\u00fcrme\" \/>\n<meta property=\"og:description\" content=\"Ohne Ihre bestehenden Bieranlagen zu modifizieren, k\u00f6nnen wir Ihre traditionellen Bieranlagen aufr\u00fcsten, um eine optimale Bierverkaufsleistung zu erzielen.\" \/>\n<meta property=\"og:url\" content=\"https:\/\/drinkotec.ch\/de\/biertuerme\/\" \/>\n<meta property=\"og:site_name\" content=\"DRINKOTEC\" \/>\n<meta property=\"article:modified_time\" content=\"2022-09-22T18:30:17+00:00\" \/>\n<meta name=\"twitter:card\" content=\"summary_large_image\" \/>\n<script type=\"application\/ld+json\" class=\"yoast-schema-graph\">{\"@context\":\"https:\\\/\\\/schema.org\",\"@graph\":[{\"@type\":\"WebPage\",\"@id\":\"https:\\\/\\\/drinkotec.ch\\\/de\\\/biertuerme\\\/\",\"url\":\"https:\\\/\\\/drinkotec.ch\\\/de\\\/biertuerme\\\/\",\"name\":\"DRINKOTEC | Integration unserer L\u00f6sungen f\u00fcr Biert\u00fcrme\",\"isPartOf\":{\"@id\":\"https:\\\/\\\/drinkotec.ch\\\/#website\"},\"datePublished\":\"2021-03-19T09:45:34+00:00\",\"dateModified\":\"2022-09-22T18:30:17+00:00\",\"description\":\"Ohne Ihre bestehenden Bieranlagen zu modifizieren, k\u00f6nnen wir Ihre traditionellen Bieranlagen aufr\u00fcsten, um eine optimale Bierverkaufsleistung zu erzielen.\",\"breadcrumb\":{\"@id\":\"https:\\\/\\\/drinkotec.ch\\\/de\\\/biertuerme\\\/#breadcrumb\"},\"inLanguage\":\"de\",\"potentialAction\":[{\"@type\":\"ReadAction\",\"target\":[\"https:\\\/\\\/drinkotec.ch\\\/de\\\/biertuerme\\\/\"]}]},{\"@type\":\"BreadcrumbList\",\"@id\":\"https:\\\/\\\/drinkotec.ch\\\/de\\\/biertuerme\\\/#breadcrumb\",\"itemListElement\":[{\"@type\":\"ListItem\",\"position\":1,\"name\":\"Home\",\"item\":\"https:\\\/\\\/drinkotec.ch\\\/de\\\/\"},{\"@type\":\"ListItem\",\"position\":2,\"name\":\"Biert\u00fcrme\"}]},{\"@type\":\"WebSite\",\"@id\":\"https:\\\/\\\/drinkotec.ch\\\/#website\",\"url\":\"https:\\\/\\\/drinkotec.ch\\\/\",\"name\":\"DRINKOTEC\",\"description\":\"More Value, Less Waste\",\"potentialAction\":[{\"@type\":\"SearchAction\",\"target\":{\"@type\":\"EntryPoint\",\"urlTemplate\":\"https:\\\/\\\/drinkotec.ch\\\/?s={search_term_string}\"},\"query-input\":{\"@type\":\"PropertyValueSpecification\",\"valueRequired\":true,\"valueName\":\"search_term_string\"}}],\"inLanguage\":\"de\"}]}<\/script>\n<!-- \/ Yoast SEO plugin. -->","yoast_head_json":{"title":"DRINKOTEC | Integration unserer L\u00f6sungen f\u00fcr Biert\u00fcrme","description":"Ohne Ihre bestehenden Bieranlagen zu modifizieren, k\u00f6nnen wir Ihre traditionellen Bieranlagen aufr\u00fcsten, um eine optimale Bierverkaufsleistung zu erzielen.","robots":{"index":"index","follow":"follow","max-snippet":"max-snippet:-1","max-image-preview":"max-image-preview:large","max-video-preview":"max-video-preview:-1"},"canonical":"https:\/\/drinkotec.ch\/de\/biertuerme\/","og_locale":"de_DE","og_type":"article","og_title":"DRINKOTEC | Integration unserer L\u00f6sungen f\u00fcr Biert\u00fcrme","og_description":"Ohne Ihre bestehenden Bieranlagen zu modifizieren, k\u00f6nnen wir Ihre traditionellen Bieranlagen aufr\u00fcsten, um eine optimale Bierverkaufsleistung zu erzielen.","og_url":"https:\/\/drinkotec.ch\/de\/biertuerme\/","og_site_name":"DRINKOTEC","article_modified_time":"2022-09-22T18:30:17+00:00","twitter_card":"summary_large_image","schema":{"@context":"https:\/\/schema.org","@graph":[{"@type":"WebPage","@id":"https:\/\/drinkotec.ch\/de\/biertuerme\/","url":"https:\/\/drinkotec.ch\/de\/biertuerme\/","name":"DRINKOTEC | Integration unserer L\u00f6sungen f\u00fcr Biert\u00fcrme","isPartOf":{"@id":"https:\/\/drinkotec.ch\/#website"},"datePublished":"2021-03-19T09:45:34+00:00","dateModified":"2022-09-22T18:30:17+00:00","description":"Ohne Ihre bestehenden Bieranlagen zu modifizieren, k\u00f6nnen wir Ihre traditionellen Bieranlagen aufr\u00fcsten, um eine optimale Bierverkaufsleistung zu erzielen.","breadcrumb":{"@id":"https:\/\/drinkotec.ch\/de\/biertuerme\/#breadcrumb"},"inLanguage":"de","potentialAction":[{"@type":"ReadAction","target":["https:\/\/drinkotec.ch\/de\/biertuerme\/"]}]},{"@type":"BreadcrumbList","@id":"https:\/\/drinkotec.ch\/de\/biertuerme\/#breadcrumb","itemListElement":[{"@type":"ListItem","position":1,"name":"Home","item":"https:\/\/drinkotec.ch\/de\/"},{"@type":"ListItem","position":2,"name":"Biert\u00fcrme"}]},{"@type":"WebSite","@id":"https:\/\/drinkotec.ch\/#website","url":"https:\/\/drinkotec.ch\/","name":"DRINKOTEC","description":"More Value, Less Waste","potentialAction":[{"@type":"SearchAction","target":{"@type":"EntryPoint","urlTemplate":"https:\/\/drinkotec.ch\/?s={search_term_string}"},"query-input":{"@type":"PropertyValueSpecification","valueRequired":true,"valueName":"search_term_string"}}],"inLanguage":"de"}]}},"_links":{"self":[{"href":"https:\/\/drinkotec.ch\/de\/wp-json\/wp\/v2\/pages\/7707","targetHints":{"allow":["GET"]}}],"collection":[{"href":"https:\/\/drinkotec.ch\/de\/wp-json\/wp\/v2\/pages"}],"about":[{"href":"https:\/\/drinkotec.ch\/de\/wp-json\/wp\/v2\/types\/page"}],"author":[{"embeddable":true,"href":"https:\/\/drinkotec.ch\/de\/wp-json\/wp\/v2\/users\/3"}],"replies":[{"embeddable":true,"href":"https:\/\/drinkotec.ch\/de\/wp-json\/wp\/v2\/comments?post=7707"}],"version-history":[{"count":5,"href":"https:\/\/drinkotec.ch\/de\/wp-json\/wp\/v2\/pages\/7707\/revisions"}],"predecessor-version":[{"id":8681,"href":"https:\/\/drinkotec.ch\/de\/wp-json\/wp\/v2\/pages\/7707\/revisions\/8681"}],"wp:attachment":[{"href":"https:\/\/drinkotec.ch\/de\/wp-json\/wp\/v2\/media?parent=7707"}],"curies":[{"name":"wp","href":"https:\/\/api.w.org\/{rel}","templated":true}]}}